{"id":6176,"date":"2024-02-04T12:11:53","date_gmt":"2024-02-04T12:11:53","guid":{"rendered":"https:\/\/arch.bilkent.edu.tr\/?page_id=6176"},"modified":"2024-02-04T12:34:31","modified_gmt":"2024-02-04T12:34:31","slug":"graduate-students","status":"publish","type":"page","link":"https:\/\/arch.bilkent.edu.tr\/?page_id=6176","title":{"rendered":"Graduate Students"},"content":{"rendered":"\n<h2 class=\"wp-block-heading\">Graduate Students<\/h2>\n\n\n\n<div class=\"wp-block-columns is-layout-flex wp-container-core-columns-is-layout-28f84493 wp-block-columns-is-layout-flex\">\n<div class=\"wp-block-column is-layout-flow wp-block-column-is-layout-flow\" style=\"flex-basis:66.66%\">\n<hr class=\"wp-block-separator has-alpha-channel-opacity is-style-wide\"\/>\n\n\n\n<div class=\"wp-block-query is-layout-flow wp-block-query-is-layout-flow\"><ul class=\"columns-3 wp-block-post-template is-layout-grid wp-container-core-post-template-is-layout-6d3fbd8f wp-block-post-template-is-layout-grid\"><li class=\"wp-block-post post-8184 post type-post status-publish format-standard has-post-thumbnail hentry category-graduate-students\">\n\n<div class=\"wp-block-group is-layout-flow wp-block-group-is-layout-flow\" style=\"padding-top:30px;padding-right:30px;padding-bottom:30px;padding-left:30px\"><figure style=\"aspect-ratio:1;\" class=\"wp-block-post-featured-image\"><img loading=\"lazy\" decoding=\"async\" width=\"1500\" height=\"1357\" src=\"https:\/\/arch.bilkent.edu.tr\/wp-content\/uploads\/2025\/04\/Betul-Ilayda-Yilmaz.jpeg\" class=\"attachment-post-thumbnail size-post-thumbnail wp-post-image\" alt=\"\" style=\"width:100%;height:100%;object-fit:cover;\" srcset=\"https:\/\/arch.bilkent.edu.tr\/wp-content\/uploads\/2025\/04\/Betul-Ilayda-Yilmaz.jpeg 1500w, https:\/\/arch.bilkent.edu.tr\/wp-content\/uploads\/2025\/04\/Betul-Ilayda-Yilmaz-300x271.jpeg 300w, https:\/\/arch.bilkent.edu.tr\/wp-content\/uploads\/2025\/04\/Betul-Ilayda-Yilmaz-1024x926.jpeg 1024w, https:\/\/arch.bilkent.edu.tr\/wp-content\/uploads\/2025\/04\/Betul-Ilayda-Yilmaz-768x695.jpeg 768w\" sizes=\"auto, (max-width: 1500px) 100vw, 1500px\" \/><\/figure>\n\n<h2 class=\"wp-block-post-title\">Bet\u00fcl \u0130layda EBR\u0130N\u00c7<\/h2>\n\n<div class=\"wp-block-post-excerpt\"><p class=\"wp-block-post-excerpt__excerpt\">Office: FF-302 E-mail: betul.yilmaz [at] bilkent.edu.tr Field of Research: Urban Transformation, Ecological Justice, Political Ecology, Urban Densification <\/p><\/div><\/div>\n\n<\/li><li class=\"wp-block-post post-9446 post type-post status-publish format-standard has-post-thumbnail hentry category-faculty category-graduate-students\">\n\n<div class=\"wp-block-group is-layout-flow wp-block-group-is-layout-flow\" style=\"padding-top:30px;padding-right:30px;padding-bottom:30px;padding-left:30px\"><figure style=\"aspect-ratio:1;\" class=\"wp-block-post-featured-image\"><img loading=\"lazy\" decoding=\"async\" width=\"2560\" height=\"2560\" src=\"https:\/\/arch.bilkent.edu.tr\/wp-content\/uploads\/2026\/02\/beyza_cetin-scaled.jpeg\" class=\"attachment-post-thumbnail size-post-thumbnail wp-post-image\" alt=\"\" style=\"width:100%;height:100%;object-fit:cover;\" srcset=\"https:\/\/arch.bilkent.edu.tr\/wp-content\/uploads\/2026\/02\/beyza_cetin-scaled.jpeg 2560w, https:\/\/arch.bilkent.edu.tr\/wp-content\/uploads\/2026\/02\/beyza_cetin-300x300.jpeg 300w, https:\/\/arch.bilkent.edu.tr\/wp-content\/uploads\/2026\/02\/beyza_cetin-1024x1024.jpeg 1024w, https:\/\/arch.bilkent.edu.tr\/wp-content\/uploads\/2026\/02\/beyza_cetin-150x150.jpeg 150w, https:\/\/arch.bilkent.edu.tr\/wp-content\/uploads\/2026\/02\/beyza_cetin-768x768.jpeg 768w, https:\/\/arch.bilkent.edu.tr\/wp-content\/uploads\/2026\/02\/beyza_cetin-1536x1536.jpeg 1536w, https:\/\/arch.bilkent.edu.tr\/wp-content\/uploads\/2026\/02\/beyza_cetin-2048x2048.jpeg 2048w\" sizes=\"auto, (max-width: 2560px) 100vw, 2560px\" \/><\/figure>\n\n<h2 class=\"wp-block-post-title\">BEYZA \u00c7ET\u0130N<\/h2>\n\n<div class=\"wp-block-post-excerpt\"><p class=\"wp-block-post-excerpt__excerpt\">Office: FF-302 E-mail: beyza.cetin [at] bilkent.edu.tr Field of Research: Urban Theory, Public Space Studies, Urban Political Ecology, Landscape Urbanism, Spatial Justice, Infrastructure <\/p><\/div><\/div>\n\n<\/li><li class=\"wp-block-post post-9442 post type-post status-publish format-standard has-post-thumbnail hentry category-faculty category-graduate-students\">\n\n<div class=\"wp-block-group is-layout-flow wp-block-group-is-layout-flow\" style=\"padding-top:30px;padding-right:30px;padding-bottom:30px;padding-left:30px\"><figure style=\"aspect-ratio:1;\" class=\"wp-block-post-featured-image\"><img loading=\"lazy\" decoding=\"async\" width=\"1462\" height=\"1462\" src=\"https:\/\/arch.bilkent.edu.tr\/wp-content\/uploads\/2026\/02\/dilay_ozmutlu.jpg\" class=\"attachment-post-thumbnail size-post-thumbnail wp-post-image\" alt=\"\" style=\"width:100%;height:100%;object-fit:cover;\" srcset=\"https:\/\/arch.bilkent.edu.tr\/wp-content\/uploads\/2026\/02\/dilay_ozmutlu.jpg 1462w, https:\/\/arch.bilkent.edu.tr\/wp-content\/uploads\/2026\/02\/dilay_ozmutlu-300x300.jpg 300w, https:\/\/arch.bilkent.edu.tr\/wp-content\/uploads\/2026\/02\/dilay_ozmutlu-1024x1024.jpg 1024w, https:\/\/arch.bilkent.edu.tr\/wp-content\/uploads\/2026\/02\/dilay_ozmutlu-150x150.jpg 150w, https:\/\/arch.bilkent.edu.tr\/wp-content\/uploads\/2026\/02\/dilay_ozmutlu-768x768.jpg 768w\" sizes=\"auto, (max-width: 1462px) 100vw, 1462px\" \/><\/figure>\n\n<h2 class=\"wp-block-post-title\">D\u0130LAY \u00d6ZMUTLU<\/h2>\n\n<div class=\"wp-block-post-excerpt\"><p class=\"wp-block-post-excerpt__excerpt\">Office: FF-302 E-mail: dilay.ozmutlu [at] bilkent.edu.tr Field of Research: adaptive reuse, urban memory, place identity, multisensory experience, place attachment, emotional atmosphere, human\u2013space relations, psychology <\/p><\/div><\/div>\n\n<\/li><li class=\"wp-block-post post-8175 post type-post status-publish format-standard has-post-thumbnail hentry category-graduate-students category-uncategorized\">\n\n<div class=\"wp-block-group is-layout-flow wp-block-group-is-layout-flow\" style=\"padding-top:30px;padding-right:30px;padding-bottom:30px;padding-left:30px\"><figure style=\"aspect-ratio:1;\" class=\"wp-block-post-featured-image\"><img loading=\"lazy\" decoding=\"async\" width=\"800\" height=\"800\" src=\"https:\/\/arch.bilkent.edu.tr\/wp-content\/uploads\/2025\/04\/ege_kaan_benturk.jpg\" class=\"attachment-post-thumbnail size-post-thumbnail wp-post-image\" alt=\"\" style=\"width:100%;height:100%;object-fit:cover;\" srcset=\"https:\/\/arch.bilkent.edu.tr\/wp-content\/uploads\/2025\/04\/ege_kaan_benturk.jpg 800w, https:\/\/arch.bilkent.edu.tr\/wp-content\/uploads\/2025\/04\/ege_kaan_benturk-300x300.jpg 300w, https:\/\/arch.bilkent.edu.tr\/wp-content\/uploads\/2025\/04\/ege_kaan_benturk-150x150.jpg 150w, https:\/\/arch.bilkent.edu.tr\/wp-content\/uploads\/2025\/04\/ege_kaan_benturk-768x768.jpg 768w\" sizes=\"auto, (max-width: 800px) 100vw, 800px\" \/><\/figure>\n\n<h2 class=\"wp-block-post-title\">Ege Kaan Bent\u00fcrk<\/h2>\n\n<div class=\"wp-block-post-excerpt\"><p class=\"wp-block-post-excerpt__excerpt\">Office: FF-302 E-mail: kaan.benturk [at] bilkent.edu.tr Field of Research: Building Physics, Thermal Performance of Building Envelopes, Bio-based Composite Materials, Layered Wall Systems, Machine Learning\u2013assisted Material Composition Prediction <\/p><\/div><\/div>\n\n<\/li><li class=\"wp-block-post post-9450 post type-post status-publish format-standard has-post-thumbnail hentry category-faculty category-graduate-students\">\n\n<div class=\"wp-block-group is-layout-flow wp-block-group-is-layout-flow\" style=\"padding-top:30px;padding-right:30px;padding-bottom:30px;padding-left:30px\"><figure style=\"aspect-ratio:1;\" class=\"wp-block-post-featured-image\"><img loading=\"lazy\" decoding=\"async\" width=\"150\" height=\"200\" src=\"https:\/\/arch.bilkent.edu.tr\/wp-content\/uploads\/2026\/02\/emre_balci.jpeg\" class=\"attachment-post-thumbnail size-post-thumbnail wp-post-image\" alt=\"\" style=\"width:100%;height:100%;object-fit:cover;\" \/><\/figure>\n\n<h2 class=\"wp-block-post-title\">EMRE BALCI<\/h2>\n\n<div class=\"wp-block-post-excerpt\"><p class=\"wp-block-post-excerpt__excerpt\">Office: FF-302 E-mail: emre.balc\u0131 [at] bilkent.edu.tr Field of Research:\u00a0Building Science, Structural Design, Stadiums, Labour, Political Economy of Architecture, Architecture and Power <\/p><\/div><\/div>\n\n<\/li><li class=\"wp-block-post post-6669 post type-post status-publish format-standard has-post-thumbnail hentry category-graduate-students\">\n\n<div class=\"wp-block-group is-layout-flow wp-block-group-is-layout-flow\" style=\"padding-top:30px;padding-right:30px;padding-bottom:30px;padding-left:30px\"><figure style=\"aspect-ratio:1;\" class=\"wp-block-post-featured-image\"><img loading=\"lazy\" decoding=\"async\" width=\"1064\" height=\"1106\" src=\"https:\/\/arch.bilkent.edu.tr\/wp-content\/uploads\/2024\/03\/Screenshot-2024-03-19-at-16.23.58.png\" class=\"attachment-post-thumbnail size-post-thumbnail wp-post-image\" alt=\"\" style=\"width:100%;height:100%;object-fit:cover;\" srcset=\"https:\/\/arch.bilkent.edu.tr\/wp-content\/uploads\/2024\/03\/Screenshot-2024-03-19-at-16.23.58.png 1064w, https:\/\/arch.bilkent.edu.tr\/wp-content\/uploads\/2024\/03\/Screenshot-2024-03-19-at-16.23.58-289x300.png 289w, https:\/\/arch.bilkent.edu.tr\/wp-content\/uploads\/2024\/03\/Screenshot-2024-03-19-at-16.23.58-985x1024.png 985w, https:\/\/arch.bilkent.edu.tr\/wp-content\/uploads\/2024\/03\/Screenshot-2024-03-19-at-16.23.58-768x798.png 768w\" sizes=\"auto, (max-width: 1064px) 100vw, 1064px\" \/><\/figure>\n\n<h2 class=\"wp-block-post-title\">\u0130pek\u00a0Bengisu Kuma\u015f<\/h2>\n\n<div class=\"wp-block-post-excerpt\"><p class=\"wp-block-post-excerpt__excerpt\">Office: FF-302 E-mail: bengisu.kumas [at] bilkent.edu.tr <\/p><\/div><\/div>\n\n<\/li><li class=\"wp-block-post post-9457 post type-post status-publish format-standard has-post-thumbnail hentry category-faculty category-graduate-students tag-history tag-design-research tag-environmental-history tag-theory-and-criticism\">\n\n<div class=\"wp-block-group is-layout-flow wp-block-group-is-layout-flow\" style=\"padding-top:30px;padding-right:30px;padding-bottom:30px;padding-left:30px\"><figure style=\"aspect-ratio:1;\" class=\"wp-block-post-featured-image\"><img loading=\"lazy\" decoding=\"async\" width=\"150\" height=\"200\" src=\"https:\/\/arch.bilkent.edu.tr\/wp-content\/uploads\/2026\/02\/mustafa_caglak.jpg\" class=\"attachment-post-thumbnail size-post-thumbnail wp-post-image\" alt=\"\" style=\"width:100%;height:100%;object-fit:cover;\" \/><\/figure>\n\n<h2 class=\"wp-block-post-title\">MUSTAFA \u00c7A\u011eLAK<\/h2>\n\n<div class=\"wp-block-post-excerpt\"><p class=\"wp-block-post-excerpt__excerpt\">Office: FF-302 E-mail: mustafa.caglak [at] bilkent.edu.tr Field of Research: Architectural History, Theory and Criticism, Environmental History, Design Research <\/p><\/div><\/div>\n\n<\/li><li class=\"wp-block-post post-9430 post type-post status-publish format-standard has-post-thumbnail hentry category-faculty category-graduate-students\">\n\n<div class=\"wp-block-group is-layout-flow wp-block-group-is-layout-flow\" style=\"padding-top:30px;padding-right:30px;padding-bottom:30px;padding-left:30px\"><figure style=\"aspect-ratio:1;\" class=\"wp-block-post-featured-image\"><img loading=\"lazy\" decoding=\"async\" width=\"1024\" height=\"1193\" src=\"https:\/\/arch.bilkent.edu.tr\/wp-content\/uploads\/2026\/02\/nisa_gezer.jpg\" class=\"attachment-post-thumbnail size-post-thumbnail wp-post-image\" alt=\"\" style=\"width:100%;height:100%;object-fit:cover;\" srcset=\"https:\/\/arch.bilkent.edu.tr\/wp-content\/uploads\/2026\/02\/nisa_gezer.jpg 1024w, https:\/\/arch.bilkent.edu.tr\/wp-content\/uploads\/2026\/02\/nisa_gezer-258x300.jpg 258w, https:\/\/arch.bilkent.edu.tr\/wp-content\/uploads\/2026\/02\/nisa_gezer-879x1024.jpg 879w, https:\/\/arch.bilkent.edu.tr\/wp-content\/uploads\/2026\/02\/nisa_gezer-768x895.jpg 768w\" sizes=\"auto, (max-width: 1024px) 100vw, 1024px\" \/><\/figure>\n\n<h2 class=\"wp-block-post-title\">N\u0130SA GEZER<\/h2>\n\n<div class=\"wp-block-post-excerpt\"><p class=\"wp-block-post-excerpt__excerpt\">Office: FF-302 E-mail: nisa.gezer [at] bilkent.edu.tr Field of Research: Architecture History and Theory, Urban Memory, Environmental Humanities, and Political Ecology <\/p><\/div><\/div>\n\n<\/li><li class=\"wp-block-post post-6663 post type-post status-publish format-standard has-post-thumbnail hentry category-graduate-students\">\n\n<div class=\"wp-block-group is-layout-flow wp-block-group-is-layout-flow\" style=\"padding-top:30px;padding-right:30px;padding-bottom:30px;padding-left:30px\"><figure style=\"aspect-ratio:1;\" class=\"wp-block-post-featured-image\"><img loading=\"lazy\" decoding=\"async\" width=\"1224\" height=\"1352\" src=\"https:\/\/arch.bilkent.edu.tr\/wp-content\/uploads\/2024\/03\/Screenshot-2024-03-19-at-16.14.49.png\" class=\"attachment-post-thumbnail size-post-thumbnail wp-post-image\" alt=\"\" style=\"width:100%;height:100%;object-fit:cover;\" srcset=\"https:\/\/arch.bilkent.edu.tr\/wp-content\/uploads\/2024\/03\/Screenshot-2024-03-19-at-16.14.49.png 1224w, https:\/\/arch.bilkent.edu.tr\/wp-content\/uploads\/2024\/03\/Screenshot-2024-03-19-at-16.14.49-272x300.png 272w, https:\/\/arch.bilkent.edu.tr\/wp-content\/uploads\/2024\/03\/Screenshot-2024-03-19-at-16.14.49-927x1024.png 927w, https:\/\/arch.bilkent.edu.tr\/wp-content\/uploads\/2024\/03\/Screenshot-2024-03-19-at-16.14.49-768x848.png 768w\" sizes=\"auto, (max-width: 1224px) 100vw, 1224px\" \/><\/figure>\n\n<h2 class=\"wp-block-post-title\">R\u00fcya Uzun<\/h2>\n\n<div class=\"wp-block-post-excerpt\"><p class=\"wp-block-post-excerpt__excerpt\">Office: FF-302 E-mail: ruya.uzun [at] bilkent.edu.tr <\/p><\/div><\/div>\n\n<\/li><li class=\"wp-block-post post-8182 post type-post status-publish format-standard has-post-thumbnail hentry category-graduate-students\">\n\n<div class=\"wp-block-group is-layout-flow wp-block-group-is-layout-flow\" style=\"padding-top:30px;padding-right:30px;padding-bottom:30px;padding-left:30px\"><figure style=\"aspect-ratio:1;\" class=\"wp-block-post-featured-image\"><img loading=\"lazy\" decoding=\"async\" width=\"2560\" height=\"1706\" src=\"https:\/\/arch.bilkent.edu.tr\/wp-content\/uploads\/2025\/04\/serap-ciftci-scaled.jpeg\" class=\"attachment-post-thumbnail size-post-thumbnail wp-post-image\" alt=\"\" style=\"width:100%;height:100%;object-fit:cover;\" srcset=\"https:\/\/arch.bilkent.edu.tr\/wp-content\/uploads\/2025\/04\/serap-ciftci-scaled.jpeg 2560w, https:\/\/arch.bilkent.edu.tr\/wp-content\/uploads\/2025\/04\/serap-ciftci-300x200.jpeg 300w, https:\/\/arch.bilkent.edu.tr\/wp-content\/uploads\/2025\/04\/serap-ciftci-1024x682.jpeg 1024w, https:\/\/arch.bilkent.edu.tr\/wp-content\/uploads\/2025\/04\/serap-ciftci-768x512.jpeg 768w, https:\/\/arch.bilkent.edu.tr\/wp-content\/uploads\/2025\/04\/serap-ciftci-1536x1023.jpeg 1536w, https:\/\/arch.bilkent.edu.tr\/wp-content\/uploads\/2025\/04\/serap-ciftci-2048x1365.jpeg 2048w\" sizes=\"auto, (max-width: 2560px) 100vw, 2560px\" \/><\/figure>\n\n<h2 class=\"wp-block-post-title\">SERAP G\u00dc\u00c7TA\u015e<\/h2>\n\n<div class=\"wp-block-post-excerpt\"><p class=\"wp-block-post-excerpt__excerpt\">Office: FF-302 E-mail: serap.ciftci [at] bilkent.edu.tr Field of Research: Architecture and urbanism of production, Industrial architecture, mining settlements, architectural history, worker housing, social infrastructure <\/p><\/div><\/div>\n\n<\/li><li class=\"wp-block-post post-8179 post type-post status-publish format-standard has-post-thumbnail hentry category-graduate-students category-uncategorized\">\n\n<div class=\"wp-block-group is-layout-flow wp-block-group-is-layout-flow\" style=\"padding-top:30px;padding-right:30px;padding-bottom:30px;padding-left:30px\"><figure style=\"aspect-ratio:1;\" class=\"wp-block-post-featured-image\"><img loading=\"lazy\" decoding=\"async\" width=\"1920\" height=\"2560\" src=\"https:\/\/arch.bilkent.edu.tr\/wp-content\/uploads\/2025\/04\/sevval_cuhadar-scaled.png\" class=\"attachment-post-thumbnail size-post-thumbnail wp-post-image\" alt=\"\" style=\"width:100%;height:100%;object-fit:cover;\" srcset=\"https:\/\/arch.bilkent.edu.tr\/wp-content\/uploads\/2025\/04\/sevval_cuhadar-scaled.png 1920w, https:\/\/arch.bilkent.edu.tr\/wp-content\/uploads\/2025\/04\/sevval_cuhadar-225x300.png 225w, https:\/\/arch.bilkent.edu.tr\/wp-content\/uploads\/2025\/04\/sevval_cuhadar-768x1024.png 768w, https:\/\/arch.bilkent.edu.tr\/wp-content\/uploads\/2025\/04\/sevval_cuhadar-1152x1536.png 1152w, https:\/\/arch.bilkent.edu.tr\/wp-content\/uploads\/2025\/04\/sevval_cuhadar-1536x2048.png 1536w\" sizes=\"auto, (max-width: 1920px) 100vw, 1920px\" \/><\/figure>\n\n<h2 class=\"wp-block-post-title\">\u015eevval \u00c7uhadar<\/h2>\n\n<div class=\"wp-block-post-excerpt\"><p class=\"wp-block-post-excerpt__excerpt\">Office: FF-302 E-mail: sevval.cuhadar [at] bilkent.edu.tr <\/p><\/div><\/div>\n\n<\/li><\/ul><\/div>\n<\/div>\n\n\n\n<div class=\"wp-block-column is-layout-flow wp-block-column-is-layout-flow\" style=\"flex-basis:33.33%\">\n<div class=\"wp-block-group has-global-padding is-layout-constrained wp-block-group-is-layout-constrained wp-container-1 is-position-sticky\">\n<hr class=\"wp-block-separator has-alpha-channel-opacity is-style-wide\"\/>\n\n\n\n<h3 class=\"wp-block-heading has-medium-font-size\">People<\/h3>\n\n\n\n<hr class=\"wp-block-separator has-alpha-channel-opacity is-style-wide\"\/>\n\n\n\n<h3 class=\"wp-block-heading has-medium-font-size\"><a href=\"https:\/\/arch.bilkent.edu.tr\/?page_id=5230\" data-type=\"page\" data-id=\"5230\">Faculty<\/a><\/h3>\n\n\n\n<h3 class=\"wp-block-heading has-medium-font-size\"><a href=\"https:\/\/arch.bilkent.edu.tr\/?page_id=6176\" data-type=\"page\" data-id=\"6176\">Graduate Students<\/a><\/h3>\n\n\n\n<h3 class=\"wp-block-heading has-medium-font-size\"><a href=\"https:\/\/arch.bilkent.edu.tr\/?page_id=6232\" data-type=\"page\" data-id=\"6232\">Staff<\/a><\/h3>\n\n\n\n<h3 class=\"wp-block-heading has-medium-font-size\"><a href=\"https:\/\/arch.bilkent.edu.tr\/?page_id=4510\" data-type=\"page\" data-id=\"4510\">Faculty Positions<\/a><\/h3>\n\n\n\n<hr class=\"wp-block-separator has-alpha-channel-opacity is-style-wide\"\/>\n\n\n\n<p><\/p>\n<\/div>\n<\/div>\n<\/div>\n","protected":false},"excerpt":{"rendered":"<p>Graduate Students<\/p>\n","protected":false},"author":1,"featured_media":0,"parent":5033,"menu_order":0,"comment_status":"closed","ping_status":"closed","template":"","meta":{"_acf_changed":false,"footnotes":""},"class_list":["post-6176","page","type-page","status-publish","hentry"],"acf":[],"_links":{"self":[{"href":"https:\/\/arch.bilkent.edu.tr\/index.php?rest_route=\/wp\/v2\/pages\/6176","targetHints":{"allow":["GET"]}}],"collection":[{"href":"https:\/\/arch.bilkent.edu.tr\/index.php?rest_route=\/wp\/v2\/pages"}],"about":[{"href":"https:\/\/arch.bilkent.edu.tr\/index.php?rest_route=\/wp\/v2\/types\/page"}],"author":[{"embeddable":true,"href":"https:\/\/arch.bilkent.edu.tr\/index.php?rest_route=\/wp\/v2\/users\/1"}],"replies":[{"embeddable":true,"href":"https:\/\/arch.bilkent.edu.tr\/index.php?rest_route=%2Fwp%2Fv2%2Fcomments&post=6176"}],"version-history":[{"count":10,"href":"https:\/\/arch.bilkent.edu.tr\/index.php?rest_route=\/wp\/v2\/pages\/6176\/revisions"}],"predecessor-version":[{"id":8170,"href":"https:\/\/arch.bilkent.edu.tr\/index.php?rest_route=\/wp\/v2\/pages\/6176\/revisions\/8170"}],"up":[{"embeddable":true,"href":"https:\/\/arch.bilkent.edu.tr\/index.php?rest_route=\/wp\/v2\/pages\/5033"}],"wp:attachment":[{"href":"https:\/\/arch.bilkent.edu.tr\/index.php?rest_route=%2Fwp%2Fv2%2Fmedia&parent=6176"}],"curies":[{"name":"wp","href":"https:\/\/api.w.org\/{rel}","templated":true}]}}