{"id":4868,"date":"2024-01-21T18:07:18","date_gmt":"2024-01-21T18:07:18","guid":{"rendered":"https:\/\/arch.bilkent.edu.tr\/?page_id=4868"},"modified":"2025-08-23T06:22:18","modified_gmt":"2025-08-23T06:22:18","slug":"exchange-programs","status":"publish","type":"page","link":"https:\/\/arch.bilkent.edu.tr\/?page_id=4868","title":{"rendered":"Exchange Programs"},"content":{"rendered":"\n<div class=\"wp-block-group has-global-padding is-layout-constrained wp-block-group-is-layout-constrained\">\n<div class=\"wp-block-columns is-layout-flex wp-container-core-columns-is-layout-28f84493 wp-block-columns-is-layout-flex\">\n<div class=\"wp-block-column is-layout-flow wp-block-column-is-layout-flow\" style=\"flex-basis:66.66%\">\n<h2 class=\"wp-block-heading\">Exchange Programs<\/h2>\n\n\n\n<hr class=\"wp-block-separator has-alpha-channel-opacity is-style-wide\"\/>\n\n\n\n<h3 class=\"wp-block-heading\">Exchange and Erasmus Programs<\/h3>\n\n\n\n<p>Architecture Department has exchange programs with a number of international universities. Interested students with good academic performance can study at one of our partner universities during their junior year of studies. For further information, please visit\u00a0<a href=\"http:\/\/www.bilkent.edu.tr\/bilkent\/academic\/exchange\/\"><strong>Bilkent University Exchange Programs website.<\/strong><\/a><br><br>Erasmus \/ Exchange Program Department Coordinator:\u00a0<strong>Ay\u015fe Henry, Phd.<\/strong><br><br><strong>Exchange via bilateral agreements with universities around the world:<\/strong><br>Arizona State University, Phoenix, Arizona, USA.<br>Carleton University, Ontario, Canada.<br>Carnegie Mellon University, School of Architecture, Pittsburgh, Pennsylvania, USA.\u00a0<br>Iowa State University, College of Design, Ames, Iowa, USA.\u00a0<br>Korea University, Seoul, Korea.<br>Kyung Hee University, Seoul, Korea.<br>National University of Singapore, Singapore.<br>Queensland University of Technology, Brisbane, Australia.\u00a0<br>Royal Melbourne Institute of Technology, Melbourne, Australia.<br>University at Buffalo The State University of New York, Buffalo, New York, USA.<br>University of California, California, USA.\u00a0<br>University of Maine, Augusta, Maine, USA.<br>University of Oklahoma, Norman, Oklahoma, USA.<br>University of Waterloo, Waterloo, Canada.<br><br><strong>Erasmus program with European universities:<\/strong><br>Architectural Institute, Prague, Czech Republic.<br>Politecnico di Bari, Bari, Italy.<br>Roma La Sapienza University, Rome, Italy<br>Politechnika Gdanska,Gda\u0144sk ,Poland<br>RISEBA university of applied sciences Riga, Latvia.<\/p>\n\n\n\n<hr class=\"wp-block-separator has-alpha-channel-opacity is-style-wide\"\/>\n\n\n\n<h3 class=\"wp-block-heading\">De\u011fi\u015fim ve Erasmus Programlar\u0131<\/h3>\n\n\n\n<p>Mimarlik B\u00f6l\u00fcm\u00fc Yurtd\u0131\u015f\u0131ndaki se\u00e7kin \u00fcniversitelerle de\u011fi\u015fim ortakl\u0131\u011f\u0131 anla\u015fmas\u0131 imzalam\u0131\u015ft\u0131r. Ba\u015far\u0131l\u0131 akademik performans g\u00f6steren \u00f6\u011frenciler aras\u0131ndan ilgilenenler, e\u011fitimlerinin belli bir s\u00fcresinde yurtd\u0131\u015f\u0131 ortak \u00fcniversitelerimizden birinde \u00f6\u011frenim g\u00f6rebilirler. Daha fazla bilgi i\u00e7in&nbsp;<a href=\"http:\/\/www.bilkent.edu.tr\/bilkent\/academic\/exchange\/\"><strong>Bilkent \u00dcniversitesi De\u011fi\u015fim Programlar\u0131<\/strong><\/a>&nbsp;adresini ziyaret edebilirsiniz.<\/p>\n\n\n\n<p>Erasmus \/ De\u011fi\u015fim Programlar\u0131 B\u00f6l\u00fcm Koordinat\u00f6r\u00fc:&nbsp;<strong>Dr. Ay\u015fe Henry<\/strong><\/p>\n\n\n\n<p><strong>De\u011fi\u015fim ortakl\u0131\u011f\u0131 anla\u015fmas\u0131 imzalanm\u0131\u015f okullar:<\/strong><br>Arizona State University, Phoenix, Arizona, USA.<br>Carleton University, Ontario, Canada.<br>Carnegie Mellon University, School of Architecture, Pittsburgh, Pennsylvania, USA.&nbsp;<br>Iowa State University, College of Design, Ames, Iowa, USA.&nbsp;<br>Korea University, Seoul, Korea.<br>Kyung Hee University, Seoul, Korea.<br>National University of Singapore, Singapore.<br>Queensland University of Technology, Brisbane, Australia.&nbsp;<br>Royal Melbourne Institute of Technology, Melbourne, Australia.<br>University at Buffalo The State University of New York, Buffalo, New York, USA.<br>University of California, California, USA.&nbsp;<br>University of Maine, Augusta, Maine, USA.<br>University of Oklahoma, Norman, Oklahoma, USA.<br>University of Waterloo, Waterloo, Canada.<\/p>\n\n\n\n<p><strong>Erasmus ortakl\u0131\u011f\u0131m\u0131z olan Avrupa okullar\u0131:<\/strong><br>Architectural Institute, Prague, Czech Republic.<br>Politecnico di Bari, Bari, Italy.<br>Roma La Sapienza University, Rome, Italy<br>Politechnika Gdanska,Gda\u0144sk ,Poland<br>RISEBA university of applied sciences Riga, Latvia.<\/p>\n<\/div>\n\n\n\n<div class=\"wp-block-column is-sticky is-layout-flow wp-block-column-is-layout-flow\" style=\"flex-basis:33.33%\">\n<div style=\"height:1.45rem\" aria-hidden=\"true\" class=\"wp-block-spacer\"><\/div>\n\n\n\n<div class=\"wp-block-group has-global-padding is-layout-constrained wp-block-group-is-layout-constrained wp-container-1 is-position-sticky\">\n<hr class=\"wp-block-separator has-alpha-channel-opacity is-style-wide\"\/>\n\n\n\n<h3 class=\"wp-block-heading has-medium-font-size\">ProgramS<\/h3>\n\n\n\n<hr class=\"wp-block-separator has-alpha-channel-opacity is-style-wide\"\/>\n\n\n\n<h3 class=\"wp-block-heading has-medium-font-size\"><a href=\"https:\/\/arch.bilkent.edu.tr\/?page_id=4835\" data-type=\"page\" data-id=\"4835\">Undergraduate Curriculum<\/a><\/h3>\n\n\n\n<h3 class=\"wp-block-heading has-medium-font-size\"><a href=\"https:\/\/arch.bilkent.edu.tr\/?page_id=4849\" data-type=\"page\" data-id=\"4849\">Graduate Program<\/a><\/h3>\n\n\n\n<h3 class=\"wp-block-heading has-medium-font-size\"><a href=\"https:\/\/catalog.bilkent.edu.tr\/dep\/d70.html\" data-type=\"link\" data-id=\"https:\/\/catalog.bilkent.edu.tr\/dep\/d70.html\">Catalog<\/a><\/h3>\n\n\n\n<h3 class=\"wp-block-heading has-medium-font-size\"><a href=\"https:\/\/arch.bilkent.edu.tr\/?page_id=4868\" data-type=\"page\" data-id=\"4868\">Exchange Programs<\/a><\/h3>\n\n\n\n<h3 class=\"wp-block-heading has-medium-font-size\"><a href=\"https:\/\/arch.bilkent.edu.tr\/?page_id=4872\" data-type=\"page\" data-id=\"4872\">Summer Internship<\/a><\/h3>\n\n\n\n<h3 class=\"wp-block-heading has-medium-font-size\"><a href=\"https:\/\/arch.bilkent.edu.tr\/?page_id=4922\" data-type=\"page\" data-id=\"4922\">Study Abroad Program<\/a><\/h3>\n\n\n\n<hr class=\"wp-block-separator has-alpha-channel-opacity is-style-wide\"\/>\n\n\n\n<p><\/p>\n<\/div>\n<\/div>\n<\/div>\n<\/div>\n","protected":false},"excerpt":{"rendered":"<p>Exchange Programs Exchange and Erasmus Programs Architecture Department has exchange programs with a number of international universities. Interested students with good academic performance can study at one of our partner universities during their junior year of studies. For further information, please visit\u00a0Bilkent University Exchange Programs website. Erasmus \/ Exchange Program Department Coordinator:\u00a0Ay\u015fe Henry, Phd. Exchange [&hellip;]<\/p>\n","protected":false},"author":1,"featured_media":0,"parent":4833,"menu_order":0,"comment_status":"closed","ping_status":"closed","template":"","meta":{"_acf_changed":false,"footnotes":""},"class_list":["post-4868","page","type-page","status-publish","hentry"],"acf":[],"_links":{"self":[{"href":"https:\/\/arch.bilkent.edu.tr\/index.php?rest_route=\/wp\/v2\/pages\/4868","targetHints":{"allow":["GET"]}}],"collection":[{"href":"https:\/\/arch.bilkent.edu.tr\/index.php?rest_route=\/wp\/v2\/pages"}],"about":[{"href":"https:\/\/arch.bilkent.edu.tr\/index.php?rest_route=\/wp\/v2\/types\/page"}],"author":[{"embeddable":true,"href":"https:\/\/arch.bilkent.edu.tr\/index.php?rest_route=\/wp\/v2\/users\/1"}],"replies":[{"embeddable":true,"href":"https:\/\/arch.bilkent.edu.tr\/index.php?rest_route=%2Fwp%2Fv2%2Fcomments&post=4868"}],"version-history":[{"count":4,"href":"https:\/\/arch.bilkent.edu.tr\/index.php?rest_route=\/wp\/v2\/pages\/4868\/revisions"}],"predecessor-version":[{"id":9084,"href":"https:\/\/arch.bilkent.edu.tr\/index.php?rest_route=\/wp\/v2\/pages\/4868\/revisions\/9084"}],"up":[{"embeddable":true,"href":"https:\/\/arch.bilkent.edu.tr\/index.php?rest_route=\/wp\/v2\/pages\/4833"}],"wp:attachment":[{"href":"https:\/\/arch.bilkent.edu.tr\/index.php?rest_route=%2Fwp%2Fv2%2Fmedia&parent=4868"}],"curies":[{"name":"wp","href":"https:\/\/api.w.org\/{rel}","templated":true}]}}