{"id":4505,"date":"2024-01-18T06:34:40","date_gmt":"2024-01-18T06:34:40","guid":{"rendered":"https:\/\/arch.bilkent.edu.tr\/?page_id=4505"},"modified":"2024-10-11T07:35:34","modified_gmt":"2024-10-11T07:35:34","slug":"admissions","status":"publish","type":"page","link":"https:\/\/arch.bilkent.edu.tr\/?page_id=4505","title":{"rendered":"Admissions"},"content":{"rendered":"\n<div class=\"wp-block-group has-global-padding is-layout-constrained wp-block-group-is-layout-constrained\">\n<div class=\"wp-block-columns is-layout-flex wp-container-core-columns-is-layout-28f84493 wp-block-columns-is-layout-flex\">\n<div class=\"wp-block-column is-layout-flow wp-block-column-is-layout-flow\" style=\"flex-basis:66.66%\">\n<h2 class=\"wp-block-heading\">Admissions<\/h2>\n\n\n\n<hr class=\"wp-block-separator has-alpha-channel-opacity is-style-wide\"\/>\n\n\n\n<p><strong>International Students<\/strong><\/p>\n\n\n\n<p>For up to date information about admissions please visit the university website:<\/p>\n\n\n\n<p><a href=\"https:\/\/w3.bilkent.edu.tr\/international\/\" target=\"_blank\" rel=\"noreferrer noopener\">Information for prospective students<\/a><\/p>\n\n\n\n<p><strong>Aday \u00d6\u011frenciler<\/strong><\/p>\n\n\n\n<p>Aday \u00f6\u011frenciler i\u00e7in g\u00fcncel bilgiyi \u00fcniversite sayfam\u0131zda bulabilirsiniz:<\/p>\n\n\n\n<p><a href=\"http:\/\/adaybilgi.bilkent.edu.tr\/\" target=\"_blank\" rel=\"noreferrer noopener\">Aday \u00f6\u011frenciler i\u00e7in bilgi<\/a><\/p>\n\n\n\n<p><\/p>\n\n\n\n<figure class=\"wp-block-image size-full\"><img loading=\"lazy\" decoding=\"async\" width=\"1011\" height=\"372\" src=\"https:\/\/arch.bilkent.edu.tr\/wp-content\/uploads\/2024\/10\/puanlar.png\" alt=\"\" class=\"wp-image-7554\" srcset=\"https:\/\/arch.bilkent.edu.tr\/wp-content\/uploads\/2024\/10\/puanlar.png 1011w, https:\/\/arch.bilkent.edu.tr\/wp-content\/uploads\/2024\/10\/puanlar-300x110.png 300w, https:\/\/arch.bilkent.edu.tr\/wp-content\/uploads\/2024\/10\/puanlar-768x283.png 768w\" sizes=\"auto, (max-width: 1011px) 100vw, 1011px\" \/><\/figure>\n<\/div>\n\n\n\n<div class=\"wp-block-column is-sticky is-layout-flow wp-block-column-is-layout-flow\" style=\"flex-basis:33.33%\">\n<div style=\"height:1.4rem\" aria-hidden=\"true\" class=\"wp-block-spacer\"><\/div>\n\n\n\n<div class=\"wp-block-group has-global-padding is-layout-constrained wp-block-group-is-layout-constrained wp-container-1 is-position-sticky\">\n<hr class=\"wp-block-separator has-alpha-channel-opacity is-style-wide\"\/>\n\n\n\n<h3 class=\"wp-block-heading has-medium-font-size\">about the department<\/h3>\n\n\n\n<hr class=\"wp-block-separator has-alpha-channel-opacity is-style-wide\"\/>\n\n\n\n<h3 class=\"wp-block-heading has-medium-font-size\"><a href=\"https:\/\/arch.bilkent.edu.tr\/?page_id=4458\" data-type=\"page\" data-id=\"4458\">m\u0131ss\u0131on<\/a><\/h3>\n\n\n\n<h3 class=\"wp-block-heading has-medium-font-size\"><a href=\"https:\/\/arch.bilkent.edu.tr\/?page_id=4481\" data-type=\"page\" data-id=\"4481\">educat\u0131on object\u0131ves<\/a><\/h3>\n\n\n\n<h3 class=\"wp-block-heading has-medium-font-size\"><a href=\"https:\/\/arch.bilkent.edu.tr\/?page_id=4505\" data-type=\"page\" data-id=\"4505\">adm\u0131ss\u0131ons<\/a><\/h3>\n\n\n\n<h3 class=\"wp-block-heading has-medium-font-size\"><a href=\"https:\/\/arch.bilkent.edu.tr\/?page_id=4556\" data-type=\"page\" data-id=\"4556\">member organ\u0131zat\u0131ons<\/a><\/h3>\n\n\n\n<h3 class=\"wp-block-heading has-medium-font-size\"><a href=\"https:\/\/arch.bilkent.edu.tr\/?page_id=4576\" data-type=\"page\" data-id=\"4576\">contact<\/a><\/h3>\n\n\n\n<hr class=\"wp-block-separator has-alpha-channel-opacity is-style-wide\"\/>\n\n\n\n<p><\/p>\n<\/div>\n<\/div>\n<\/div>\n<\/div>\n\n\n\n<p><\/p>\n","protected":false},"excerpt":{"rendered":"<p>Admissions International Students For up to date information about admissions please visit the university website: Information for prospective students Aday \u00d6\u011frenciler Aday \u00f6\u011frenciler i\u00e7in g\u00fcncel bilgiyi \u00fcniversite sayfam\u0131zda bulabilirsiniz: Aday \u00f6\u011frenciler i\u00e7in bilgi<\/p>\n","protected":false},"author":1,"featured_media":0,"parent":4547,"menu_order":0,"comment_status":"closed","ping_status":"closed","template":"","meta":{"_acf_changed":false,"footnotes":""},"class_list":["post-4505","page","type-page","status-publish","hentry"],"acf":[],"_links":{"self":[{"href":"https:\/\/arch.bilkent.edu.tr\/index.php?rest_route=\/wp\/v2\/pages\/4505","targetHints":{"allow":["GET"]}}],"collection":[{"href":"https:\/\/arch.bilkent.edu.tr\/index.php?rest_route=\/wp\/v2\/pages"}],"about":[{"href":"https:\/\/arch.bilkent.edu.tr\/index.php?rest_route=\/wp\/v2\/types\/page"}],"author":[{"embeddable":true,"href":"https:\/\/arch.bilkent.edu.tr\/index.php?rest_route=\/wp\/v2\/users\/1"}],"replies":[{"embeddable":true,"href":"https:\/\/arch.bilkent.edu.tr\/index.php?rest_route=%2Fwp%2Fv2%2Fcomments&post=4505"}],"version-history":[{"count":4,"href":"https:\/\/arch.bilkent.edu.tr\/index.php?rest_route=\/wp\/v2\/pages\/4505\/revisions"}],"predecessor-version":[{"id":7555,"href":"https:\/\/arch.bilkent.edu.tr\/index.php?rest_route=\/wp\/v2\/pages\/4505\/revisions\/7555"}],"up":[{"embeddable":true,"href":"https:\/\/arch.bilkent.edu.tr\/index.php?rest_route=\/wp\/v2\/pages\/4547"}],"wp:attachment":[{"href":"https:\/\/arch.bilkent.edu.tr\/index.php?rest_route=%2Fwp%2Fv2%2Fmedia&parent=4505"}],"curies":[{"name":"wp","href":"https:\/\/api.w.org\/{rel}","templated":true}]}}